{"id":7126,"date":"2024-02-06T07:16:37","date_gmt":"2024-02-06T07:16:37","guid":{"rendered":"https:\/\/hojarasca-danza.com\/?page_id=7126"},"modified":"2024-07-10T17:57:46","modified_gmt":"2024-07-10T17:57:46","slug":"workshops-anteriores","status":"publish","type":"page","link":"https:\/\/hojarasca-danza.com\/en\/workshops-anteriores\/","title":{"rendered":"Workshops and workshops carried out"},"content":{"rendered":"<p>&nbsp;<\/p>\n<p style=\"text-align: center;\"><strong>YEAR 2023<\/strong><\/p>\n<p style=\"text-align: center;\"><strong>November. 2023. <\/strong>Laboratory \u2013 Performance and you, who do you bring? Nevadas Esc\u00e9nicas de R\u00edo Negro International Theater Festival in Bariloche, Argentina. In addition, within the extension of the Nevadas Itinerante festival, the workshop was also held in the cities of Rosario and San Mart\u00edn de los Andes. Aimed at professional actors and dancers, professionalization workshop. With the support of Acci\u00f3n Cultural Espa\u00f1ola and the Program for the internationalization of Spanish Culture.<\/p>\n<p style=\"text-align: center;\"><strong>From June 4 to 25. <\/strong>Non-urban area cultural revitalization project <em>Un paso adelante<\/em>. Towns of Valladolid. CyL. Workshops:<\/p>\n<p style=\"text-align: center;\">-6 workshops <em>count your body <\/em>in the towns of La Seca, Nava del Rey, Serrada, Viana de Cega, Matapozuelos and Rueda. Dance, music and theater workshop. Aspects such as equality and social inclusion were worked on in it.<\/p>\n<p style=\"text-align: center;\">-Workshop <em>dance you<\/em>. A workshop on movement, rhythm and imagination to bring dance to children. Serrated. Valladolid.<\/p>\n<p style=\"text-align: center;\">-3 Breakdance workshops. For young. In the towns of Serrada, Pozaldez and Aldeamayor de San Mart\u00edn.<\/p>\n<p style=\"text-align: center;\"><strong>From July 5 to 7 and from 10 to 14.<\/strong> <em>GOONGUE<\/em>. Artistic training in contemporary dance. D\u00b4jarama Association Cultural Center. Dakar. Senegal. Funded by AECID About Program, with the collaboration of the Spanish Embassy in Senegal, Dakar Culture and Spanish Cooperation.<\/p>\n<p style=\"text-align: center;\"><strong>From October 16 to 20.<\/strong> Training workshop in contemporary dance technique and choreographic creation. Cervantes Institute of Casablanca. Within the IX edition of the Casablanca Choreographic Meetings. Morocco. Financed by AECID and the Spanish Embassy in Morocco.<\/p>\n<p>&nbsp;<\/p>\n<p style=\"text-align: center;\"><strong>YEAR 2022<\/strong><\/p>\n<p style=\"text-align: center;\"><strong>From October 24 to 28.<\/strong> Dance studio. Yaakaar Program. D\u00b4jarama Association Cultural Center. Dakar. Senegal. Funded by AECID About Program, with the collaboration of the Embassy of Spain in Senegal, Dakar Culture and Spanish Cooperation.<\/p>\n<p style=\"text-align: center;\"><strong>November 30, December 1 and 2.<\/strong> Workshop<em> Count your body (Raconte ton Corps)<\/em>. Cervantes Institute of Casablanca. Morocco. Within the Visages program organized by the Ministries of Culture and Sports. G. of International Relations and European Union.<\/p>\n<p>&nbsp;<\/p>\n<p style=\"text-align: center;\"><strong>YEAR 2021<\/strong><\/p>\n<p style=\"text-align: center;\"><strong>From March 6 to 9.<\/strong>\u00a0<em>Contemporary dance technique workshop<\/em>. Cervantes Institute of Casablanca. Morocco.<\/p>\n<p style=\"text-align: center;\"><strong>May 31 to June 7.<\/strong> Project <em>Go figure<\/em>. D\u00b4jarama Association Cultural Center. Dakar. Senegal.<\/p>\n<p style=\"text-align: center;\"><strong>\u00a0<\/strong><\/p>\n<p style=\"text-align: center;\"><strong>YEAR 2020<\/strong><\/p>\n<p style=\"text-align: center;\"><strong>From February 11 to 14.<\/strong> Workshop <em>count your body<\/em>. Th\u00e8\u00e2tre La Fol, Casablanca. Morocco.<\/p>\n<p style=\"text-align: center;\"><strong>From September 21 to 22.<\/strong> Workshop <em>count your body<\/em>. Calder\u00f3n Theater, Valladolid. CYL.<\/p>\n<p>&nbsp;<\/p>\n<p style=\"text-align: center;\"><strong>YEAR 2019<\/strong><\/p>\n<p style=\"text-align: center;\"><strong>June 14th.<\/strong>\u00a0Project <em>Go figure<\/em>. III International Choreographic Contest P\u00edldoras. Torrej\u00f3n de Ardoz. Madrid.<\/p>\n<p style=\"text-align: center;\"><strong>July 7th.<\/strong>\u00a0Contemporary dance workshop. III International urban festival of North Africa. Tangier. Morocco.<\/p>\n<p style=\"text-align: center;\"><strong>From September 30 to October 6.<\/strong>\u00a0Project <em>Go figure<\/em>. D\u00b4jarama Association Cultural Center. Dakar. Senegal.<\/p>\n<p style=\"text-align: center;\"><strong>October 9.<\/strong>\u00a0Project <em>Go figure<\/em>. Aescena Festival. Aguilar de Campoo. Palencia. CyL.<\/p>\n<p style=\"text-align: center;\"><strong>October 11th.<\/strong>\u00a0Project <em>Go figure<\/em>. Aescena Festival. Aguilar de Campoo. Palencia. CyL. IES Center of Casar de C\u00e1ceres. Estremadura.<\/p>\n<p style=\"text-align: center;\"><strong>October 25.<\/strong>\u00a0Project <em>Go figure<\/em>. LDC Festival, Sanchinarro Cultural Center. Madrid.<\/p>\n<p>&nbsp;<\/p>\n<p style=\"text-align: center;\"><strong>YEAR 2018<\/strong><\/p>\n<p style=\"text-align: center;\"><strong>From March 6 to 9.<\/strong>\u00a0<em>Contemporary dance technique workshop<\/em>. Cervantes Institute of Casablanca. Morocco.<\/p>\n<p style=\"text-align: center;\"><strong>September 22 and 23.<\/strong>\u00a0<em>Information workshops. From the subconscious to reality on stage<\/em>. LDTX Dance Academy. Organized by the Spanish Embassy in China. China.<\/p>\n<p style=\"text-align: center;\"><strong>April 10th.<\/strong>\u00a0Master Class in C\u00e1ceres. Slender Academy. Estremadura.<\/p>\n<p style=\"text-align: center;\"><strong>April 11.<\/strong>\u00a0Workshop <em>move you<\/em>. Two sessions in Secondary Schools. Estremadura.<\/p>\n<p>&nbsp;<\/p>\n<p style=\"text-align: center;\"><strong>YEAR 2016<\/strong><\/p>\n<p style=\"text-align: center;\"><strong>April 11.<\/strong>\u00a0Laboratory Workshop <em>From the subconscious to reality on stage<\/em>. Organized by Instituto Cervantes de Casablanca together with the Spanish Embassy in Morocco. Morocco.<\/p>\n<p>&nbsp;<\/p>\n<p>&nbsp;<\/p>","protected":false},"excerpt":{"rendered":"<p>&nbsp; YEAR 2023 November. 2023. Laboratory \u2013 Performance and you, who do you bring? Nevadas Esc\u00e9nicas de R\u00edo Negro International Theater Festival in Bariloche, Argentina. In addition, within the extension of the Nevadas Itinerante festival, the workshop was also held in the cities of Rosario and San Mart\u00edn de los Andes. Aimed at professional actors and dancers [\u2026]<\/p>","protected":false},"author":1,"featured_media":0,"parent":0,"menu_order":0,"comment_status":"closed","ping_status":"closed","template":"","meta":{"_acf_changed":false,"footnotes":""},"tipo-de-pagina":[],"class_list":["post-7126","page","type-page","status-publish","hentry"],"acf":[],"_links":{"self":[{"href":"https:\/\/hojarasca-danza.com\/en\/wp-json\/wp\/v2\/pages\/7126","targetHints":{"allow":["GET"]}}],"collection":[{"href":"https:\/\/hojarasca-danza.com\/en\/wp-json\/wp\/v2\/pages"}],"about":[{"href":"https:\/\/hojarasca-danza.com\/en\/wp-json\/wp\/v2\/types\/page"}],"author":[{"embeddable":true,"href":"https:\/\/hojarasca-danza.com\/en\/wp-json\/wp\/v2\/users\/1"}],"replies":[{"embeddable":true,"href":"https:\/\/hojarasca-danza.com\/en\/wp-json\/wp\/v2\/comments?post=7126"}],"version-history":[{"count":12,"href":"https:\/\/hojarasca-danza.com\/en\/wp-json\/wp\/v2\/pages\/7126\/revisions"}],"predecessor-version":[{"id":7387,"href":"https:\/\/hojarasca-danza.com\/en\/wp-json\/wp\/v2\/pages\/7126\/revisions\/7387"}],"wp:attachment":[{"href":"https:\/\/hojarasca-danza.com\/en\/wp-json\/wp\/v2\/media?parent=7126"}],"wp:term":[{"taxonomy":"tipo-de-pagina","embeddable":true,"href":"https:\/\/hojarasca-danza.com\/en\/wp-json\/wp\/v2\/tipo-de-pagina?post=7126"}],"curies":[{"name":"wp","href":"https:\/\/api.w.org\/{rel}","templated":true}]}}