{"id":5103,"date":"2023-04-20T03:58:43","date_gmt":"2023-04-20T03:58:43","guid":{"rendered":"https:\/\/hojarasca-danza.com\/?page_id=5103"},"modified":"2025-03-13T18:44:19","modified_gmt":"2025-03-13T18:44:19","slug":"directora","status":"publish","type":"page","link":"https:\/\/hojarasca-danza.com\/fr\/directora\/","title":{"rendered":"Directrice"},"content":{"rendered":"<div>\n<h1><\/h1>\n<h1>ALICIA SOTO<\/h1>\n<h2><strong>ARTographie. Artiste-Chercheur-P\u00e9dagogue<\/strong><\/h2>\n<p>dipl\u00f4m\u00e9 dans le\u00a0<strong>Conservatoire Sup\u00e9rieur de Danse de l&#039;Institut du Th\u00e9\u00e2tre de Barcelone en Chor\u00e9graphie et Interpr\u00e9tation<\/strong>\u00a0(1992). Entre 1992 et 1994. Bourse de la Generalitat de Catalogne pour des \u00e9tudes postuniversitaires \u00e0 la prestigieuse Universit\u00e9 des Arts, Folkwang Dance Studio, Essen, Allemagne, sous la direction de Pina Bausch. Elle compl\u00e8te sa formation en danse classique, danse contemporaine et th\u00e9\u00e2tre aupr\u00e8s de grands professeurs nationaux et internationaux et suit des cours de perfectionnement en danse contemporaine \u00e0 l&#039;\u00c9cole \u00ab The Place \u00bb (Londres).<\/p>\n<p>L&#039;une des \u00e9tapes les plus d\u00e9cisives pour elle dans son passage de danseuse \u00e0 chor\u00e9graphe fut le succ\u00e8s en 1990 de sa premi\u00e8re chor\u00e9graphie professionnelle au\u00a0<strong>Festival &quot;Marathon du Spectacle&quot; au Mercat de les Flors<\/strong>, Barcelone, qui a re\u00e7u une excellente critique dans le journal La Vanguardia.<\/p>\n<p>En 1994, il a cofond\u00e9 le\u00a0<strong>Compagnie Soto-Hojarasca<\/strong>\u00a0et plus tard, en 2000, il en assume seule la direction artistique et chor\u00e9graphique. En tant que r\u00e9alisatrice, elle a cr\u00e9\u00e9 plus de 30 spectacles, 2 cr\u00e9ations vid\u00e9o m\u00e9dia-danse et 3 vid\u00e9os de danse.<\/p>\n<p>En 2014, elle devient chercheuse en\u00a0<strong>G\u00c9CAPA<\/strong>, Bureau d&#039;\u00e9tudes de l&#039;Universit\u00e9 de Lisbonne, Fondation pour la Science et la Technologie et en 2017 est membre de la\u00a0<strong>Jury des prix Max<\/strong>, Prix nationaux des arts du spectacle en Espagne, organis\u00e9s par la Fondation SGAE. \u00c0 son tour, en 2016, il est \u00e9galement devenu partie int\u00e9grante du\u00a0<strong>D\u00e9l\u00e9gu\u00e9 de la sp\u00e9cialit\u00e9 danse de l&#039;Acad\u00e9mie des Arts du Spectacle d&#039;Espagne<\/strong>, d&#039;o\u00f9 il collabore \u00e0 l&#039;\u00e9dition et \u00e0 la publication de\u00a0<em>III volumes sur l&#039;histoire de la danse contemporaine en Espagne,\u00a0<\/em>est le promoteur de l&#039;\u00e9dition du livre\u00a0<em>Po\u00e9tique de la cr\u00e9ation<\/em>\u00a0(2022) et dirige et coordonne<em>\u00a015 dialogues de danse<\/em>, une rencontre entre deux chor\u00e9graphes de sp\u00e9cialit\u00e9s de danse diff\u00e9rentes, avec le public, autour du processus cr\u00e9atif du chor\u00e9graphe.<\/p>\n<p>&nbsp;<\/p>\n<p><strong>Les critiques soulignent que<\/strong>\u00a0<strong>Sa cr\u00e9ation est originale et ouverte sur une rencontre entre danse et th\u00e9\u00e2tre, bas\u00e9e sur la dramaturgie, utilisant souvent le multim\u00e9dia et les nouvelles technologies dans une recherche continue du langage de la danse dans des cr\u00e9ations bas\u00e9es sur la transdisciplinarit\u00e9.<\/strong>. Alicia Soto a d\u00e9velopp\u00e9 des formes de spectacle tr\u00e8s personnelles, favorisant la fusion po\u00e9tique des langages performatifs, impliquant la communaut\u00e9 et favorisant la formation d&#039;un public large et \u00e9clectique.<\/p>\n<p>&nbsp;<\/p>\n<p>Tout au long de sa carri\u00e8re, Alicia Soto a r\u00e9alis\u00e9\u00a0<strong>un travail inlassable de diffusion de la danse<\/strong>\u00a0tant \u00e0 l&#039;int\u00e9rieur qu&#039;\u00e0 l&#039;ext\u00e9rieur de l&#039;Espagne. Tout au long de sa carri\u00e8re, il a abord\u00e9 trois axes de travail fondamentaux :<\/p>\n<p>&nbsp;<\/p>\n<ol>\n<li><strong>Cr\u00e9ation artistique.<\/strong> Elle invite le public \u00e0 r\u00e9fl\u00e9chir sur diff\u00e9rents aspects de la soci\u00e9t\u00e9 ou \u00e9tats d\u2019esprit d\u2019un point de vue critique ou participatif. Alicia part toujours de l\u2019id\u00e9e d\u2019un public actif. Il a r\u00e9alis\u00e9 des dizaines de productions nationales et internationales et a collabor\u00e9 avec des entreprises, des cr\u00e9ateurs et des institutions importantes.<\/li>\n<\/ol>\n<p>&nbsp;<\/p>\n<ol start=\"2\">\n<li><strong>R\u00e9sidences d&#039;artistes. <\/strong><\/li>\n<\/ol>\n<p><strong>\u00a0<\/strong><\/p>\n<ul>\n<li><strong>En milieu rural. <\/strong>Il a toujours d\u00e9fendu l\u2019importance de la d\u00e9centralisation des arts dans les villes, ce qui permet la d\u00e9mocratisation de l\u2019art en favorisant l\u2019acc\u00e8s \u00e0 la culture en dehors des centres urbains et en favorisant la modernisation des id\u00e9es, des crit\u00e8res et l\u2019acceptation de la diff\u00e9rence et de la diversit\u00e9. Dans cette optique, elle a \u00e9t\u00e9 compagnie artistique r\u00e9sidente dans de petites villes comme Sasam\u00f3n, Burgos (1994-2005) ou Serrada, Valladolid (2005-2014 \/ 2020-2025). C&#039;est dans cette derni\u00e8re localit\u00e9 qu&#039;en 2023 un projet ambitieux a \u00e9t\u00e9 lanc\u00e9,\u00a0<a href=\"https:\/\/hojarasca-danza.com\/fr\/resumen-proyecto-un-paso-adelante\/\">Un pas en avant<\/a>, au cours duquel plus de 30 activit\u00e9s ont \u00e9t\u00e9 organis\u00e9es dans 12 communes de Valladolid autour du langage de la danse contemporaine et urbaine, des arts du mouvement et de la technologie. La d\u00e9marche s&#039;est poursuivie en 2024 avec\u00a0<a href=\"https:\/\/hojarasca-danza.com\/fr\/proyecto-un-paso-adelante-2-tierra-raices-y-vendimia\/\">Un pas en avant 2\u00a0: Terre, racines et r\u00e9colte<\/a>. Dans les deux \u00e9ditions, un travail communautaire a \u00e9t\u00e9 r\u00e9alis\u00e9 en lan\u00e7ant des ateliers et des initiatives avec des personnes non form\u00e9es aux arts du spectacle.<\/li>\n<\/ul>\n<p>&nbsp;<\/p>\n<ul>\n<li><strong>R\u00e9sidences internationales.<\/strong> Elle d\u00e9veloppe des projets cr\u00e9atifs et de recherche dans des pays comme le Portugal, le Maroc et le S\u00e9n\u00e9gal, en promouvant et en favorisant les synergies de collaborations entre les institutions et les centres culturels de ces pays, d&#039;Espagne et de Castille-et-Le\u00f3n.<\/li>\n<\/ul>\n<p>&nbsp;<\/p>\n<ol start=\"3\">\n<li><strong>Travail p\u00e9dagogique.<\/strong> L&#039;id\u00e9e de la capacit\u00e9 r\u00e9g\u00e9n\u00e9ratrice et reconstructrice de cet art et sa valeur comme outil d&#039;inclusion, de tol\u00e9rance et de d\u00e9veloppement moteur et de bien-\u00eatre physique et mental l&#039;a guid\u00e9 dans la mise en \u0153uvre d&#039;activit\u00e9s, de conf\u00e9rences et de projets \u00e9ducatifs.<\/li>\n<\/ol>\n<p>&nbsp;<\/p>\n<p>Suivant cette philosophie, il convient de souligner le d\u00e9veloppement de projets communautaires et sa participation \u00e0 diff\u00e9rentes initiatives en tant qu\u2019enseignante dans diff\u00e9rents pays.<\/p>\n<p>&nbsp;<\/p>\n<p>Depuis sa cr\u00e9ation, l&#039;entreprise a r\u00e9alis\u00e9<strong> Ateliers pour professionnels et groupes diff\u00e9rents sans exp\u00e9rience en danse<\/strong>. Le mouvement et son expression corporelle contemporaine ont \u00e9t\u00e9 au centre de ces activit\u00e9s, qui visent \u00e9galement le d\u00e9veloppement psychomoteur des jeunes et des enfants. Les ateliers, cours et conf\u00e9rences ont eu lieu dans diff\u00e9rentes villes espagnoles ainsi que dans des pays comme le Portugal, le S\u00e9n\u00e9gal et le Maroc.<\/p>\n<p>&nbsp;<\/p>\n<ul>\n<li>Participation \u00e0 la <strong>programme international \u00c0 PROPOS DE L&#039;AECID<\/strong> (Maroc et S\u00e9n\u00e9gal). Ateliers de professionnalisation des artistes.<\/li>\n<\/ul>\n<p>&nbsp;<\/p>\n<ul>\n<li>R\u00e9alisation de la <strong>Projet DANZARTE<\/strong> pour gar\u00e7ons et filles en collaboration avec la Mairie de Burgos, Espagne (2001-2005), auquel plus de 50 \u00e9coles et 1 000 enfants ont particip\u00e9 chaque ann\u00e9e.<\/li>\n<\/ul>\n<p>&nbsp;<\/p>\n<ul>\n<li>Projet YAKAAR (S\u00e9n\u00e9gal). Destin\u00e9 aux jeunes en situation d&#039;exclusion sociale, il propose diff\u00e9rentes formations aux arts : danse, th\u00e9\u00e2tre, cirque et marionnettes.<\/li>\n<\/ul>\n<\/div>\n<p>&nbsp;<\/p>","protected":false},"excerpt":{"rendered":"<p>ALICIA SOTO ARTographie. Artiste-chercheuse-enseignante. Dipl\u00f4m\u00e9e du Conservatoire sup\u00e9rieur de danse de l&#039;Institut du Th\u00e9\u00e2tre de Barcelone en chor\u00e9graphie et interpr\u00e9tation (1992), elle a b\u00e9n\u00e9fici\u00e9 d&#039;une bourse de la G\u00e9n\u00e9ralit\u00e9 de Catalogne pour poursuivre des \u00e9tudes de troisi\u00e8me cycle \u00e0 la prestigieuse Universit\u00e9 des Arts, Folkwang Dance Studio, \u00e0 Essen, en Allemagne, sous la direction de Pina Bausch. Elle a compl\u00e9t\u00e9 sa formation en danse classique, [\u2026]<\/p>","protected":false},"author":1,"featured_media":7096,"parent":0,"menu_order":0,"comment_status":"closed","ping_status":"closed","template":"","meta":{"_acf_changed":false,"footnotes":""},"tipo-de-pagina":[],"class_list":["post-5103","page","type-page","status-publish","has-post-thumbnail","hentry"],"acf":[],"_links":{"self":[{"href":"https:\/\/hojarasca-danza.com\/fr\/wp-json\/wp\/v2\/pages\/5103","targetHints":{"allow":["GET"]}}],"collection":[{"href":"https:\/\/hojarasca-danza.com\/fr\/wp-json\/wp\/v2\/pages"}],"about":[{"href":"https:\/\/hojarasca-danza.com\/fr\/wp-json\/wp\/v2\/types\/page"}],"author":[{"embeddable":true,"href":"https:\/\/hojarasca-danza.com\/fr\/wp-json\/wp\/v2\/users\/1"}],"replies":[{"embeddable":true,"href":"https:\/\/hojarasca-danza.com\/fr\/wp-json\/wp\/v2\/comments?post=5103"}],"version-history":[{"count":29,"href":"https:\/\/hojarasca-danza.com\/fr\/wp-json\/wp\/v2\/pages\/5103\/revisions"}],"predecessor-version":[{"id":7684,"href":"https:\/\/hojarasca-danza.com\/fr\/wp-json\/wp\/v2\/pages\/5103\/revisions\/7684"}],"wp:featuredmedia":[{"embeddable":true,"href":"https:\/\/hojarasca-danza.com\/fr\/wp-json\/wp\/v2\/media\/7096"}],"wp:attachment":[{"href":"https:\/\/hojarasca-danza.com\/fr\/wp-json\/wp\/v2\/media?parent=5103"}],"wp:term":[{"taxonomy":"tipo-de-pagina","embeddable":true,"href":"https:\/\/hojarasca-danza.com\/fr\/wp-json\/wp\/v2\/tipo-de-pagina?post=5103"}],"curies":[{"name":"wp","href":"https:\/\/api.w.org\/{rel}","templated":true}]}}