{"id":5117,"date":"2023-04-20T04:41:06","date_gmt":"2023-04-20T04:41:06","guid":{"rendered":"https:\/\/hojarasca-danza.com\/?page_id=5117"},"modified":"2023-07-17T08:48:51","modified_gmt":"2023-07-17T08:48:51","slug":"videoteca","status":"publish","type":"page","link":"https:\/\/hojarasca-danza.com\/fr\/videoteca\/","title":{"rendered":"Vid\u00e9oth\u00e8que"},"content":{"rendered":"<p>Dans notre vid\u00e9oth\u00e8que, vous trouverez un r\u00e9sum\u00e9 de l&#039;activit\u00e9 de notre entreprise au format Vid\u00e9o. Acc\u00e9dez \u00e0 des interviews, des teasers de certaines de nos \u00e9missions, des mentions dans des m\u00e9dias d&#039;int\u00e9r\u00eat national et international et plus encore<\/p>","protected":false},"excerpt":{"rendered":"<p>Dans notre vid\u00e9oth\u00e8que, vous trouverez un r\u00e9sum\u00e9 de l&#039;activit\u00e9 de notre entreprise au format Vid\u00e9o. Acc\u00e9dez \u00e0 des interviews, des teasers de certaines de nos \u00e9missions, des mentions dans des m\u00e9dias d&#039;int\u00e9r\u00eat national et international et plus encore<\/p>","protected":false},"author":1,"featured_media":0,"parent":0,"menu_order":0,"comment_status":"closed","ping_status":"closed","template":"","meta":{"_acf_changed":false,"footnotes":""},"tipo-de-pagina":[],"class_list":["post-5117","page","type-page","status-publish","hentry"],"acf":[],"_links":{"self":[{"href":"https:\/\/hojarasca-danza.com\/fr\/wp-json\/wp\/v2\/pages\/5117","targetHints":{"allow":["GET"]}}],"collection":[{"href":"https:\/\/hojarasca-danza.com\/fr\/wp-json\/wp\/v2\/pages"}],"about":[{"href":"https:\/\/hojarasca-danza.com\/fr\/wp-json\/wp\/v2\/types\/page"}],"author":[{"embeddable":true,"href":"https:\/\/hojarasca-danza.com\/fr\/wp-json\/wp\/v2\/users\/1"}],"replies":[{"embeddable":true,"href":"https:\/\/hojarasca-danza.com\/fr\/wp-json\/wp\/v2\/comments?post=5117"}],"version-history":[{"count":14,"href":"https:\/\/hojarasca-danza.com\/fr\/wp-json\/wp\/v2\/pages\/5117\/revisions"}],"predecessor-version":[{"id":6478,"href":"https:\/\/hojarasca-danza.com\/fr\/wp-json\/wp\/v2\/pages\/5117\/revisions\/6478"}],"wp:attachment":[{"href":"https:\/\/hojarasca-danza.com\/fr\/wp-json\/wp\/v2\/media?parent=5117"}],"wp:term":[{"taxonomy":"tipo-de-pagina","embeddable":true,"href":"https:\/\/hojarasca-danza.com\/fr\/wp-json\/wp\/v2\/tipo-de-pagina?post=5117"}],"curies":[{"name":"wp","href":"https:\/\/api.w.org\/{rel}","templated":true}]}}