{"id":5991,"date":"2023-06-01T00:25:31","date_gmt":"2023-06-01T00:25:31","guid":{"rendered":"https:\/\/hojarasca-danza.com\/?page_id=5991"},"modified":"2023-06-03T03:02:08","modified_gmt":"2023-06-03T03:02:08","slug":"actividades-y-laboratorio","status":"publish","type":"page","link":"https:\/\/hojarasca-danza.com\/fr\/actividades-y-laboratorio\/","title":{"rendered":"Activit\u00e9s et Laboratoire"},"content":{"rendered":"<div class=\"wp-block-spacer\" style=\"height: 23px;\" aria-hidden=\"true\">\u00a0<\/div>\r\n\r\n\r\n\r\n<figure class=\"wp-block-image aligncenter size-large\"><img fetchpriority=\"high\" decoding=\"async\" width=\"1024\" height=\"691\" class=\"wp-image-5995\" src=\"https:\/\/hojarasca-danza.com\/wp-content\/uploads\/2023\/06\/Jardin-Hesperides_copy-Luis-Antonio-Barajas7-e1685579474614-1024x691.jpg\" alt=\"\" srcset=\"https:\/\/hojarasca-danza.com\/wp-content\/uploads\/2023\/06\/Jardin-Hesperides_copy-Luis-Antonio-Barajas7-e1685579474614-1024x691.jpg 1024w, https:\/\/hojarasca-danza.com\/wp-content\/uploads\/2023\/06\/Jardin-Hesperides_copy-Luis-Antonio-Barajas7-e1685579474614-300x203.jpg 300w, https:\/\/hojarasca-danza.com\/wp-content\/uploads\/2023\/06\/Jardin-Hesperides_copy-Luis-Antonio-Barajas7-e1685579474614-768x518.jpg 768w, https:\/\/hojarasca-danza.com\/wp-content\/uploads\/2023\/06\/Jardin-Hesperides_copy-Luis-Antonio-Barajas7-e1685579474614-18x12.jpg 18w, https:\/\/hojarasca-danza.com\/wp-content\/uploads\/2023\/06\/Jardin-Hesperides_copy-Luis-Antonio-Barajas7-e1685579474614-1536x1037.jpg 1536w, https:\/\/hojarasca-danza.com\/wp-content\/uploads\/2023\/06\/Jardin-Hesperides_copy-Luis-Antonio-Barajas7-e1685579474614.jpg 1920w\" sizes=\"(max-width: 1024px) 100vw, 1024px\" \/><\/figure>\r\n\r\n\r\n\r\n<div class=\"wp-block-spacer\" style=\"height: 39px;\" aria-hidden=\"true\">\u00a0<\/div>\r\n\r\n\r\n\r\n<div class=\"wp-block-columns has-black-background-color has-background is-layout-flex wp-container-core-columns-is-layout-28f84493 wp-block-columns-is-layout-flex\">\r\n<div class=\"wp-block-column is-layout-flow wp-block-column-is-layout-flow\" style=\"flex-basis: 25%;\">\u00a0<\/div>\r\n\r\n\r\n\r\n<div class=\"wp-block-column has-white-color has-text-color is-layout-flow wp-block-column-is-layout-flow\" style=\"flex-basis: 90%;\">\r\n<h1 class=\"wp-block-heading has-text-align-center has-white-color has-text-color\">ATELIERS<\/h1>\r\n\r\n\r\n\r\n<div class=\"wp-block-spacer\" style=\"height: 45px;\" aria-hidden=\"true\">\u00a0<\/div>\r\n\r\n\r\n\r\n<p class=\"has-text-color\" style=\"color: #ff0000; font-size: 26px; font-style: normal; font-weight: 400;\">compte ton corps<\/p>\r\n\r\n\r\n\r\n<p class=\"has-medium-font-size\" style=\"font-style: normal; font-weight: 400;\">Atelier de danse, musique et th\u00e9\u00e2tre. Des aspects tels que l&#039;\u00e9galit\u00e9 et l&#039;inclusion sociale sont travaill\u00e9s.<br \/>Une exp\u00e9rience de rencontre, de cr\u00e9ation et d&#039;expression collective avec la construction d&#039;un dialogue, pour faire tomber les barri\u00e8res des pr\u00e9jug\u00e9s. Construire un temps commun o\u00f9 se fait sentir la proximit\u00e9 des regards et des corps : ce qui se tait, ce qui se dit, ce qui se danse, ce qui se chante. Que peut transporter un corps \u00e0 l&#039;int\u00e9rieur, quels souvenirs, histoires et r\u00eaves ?<\/p>\r\n\r\n\r\n\r\n<p class=\"has-medium-font-size\" style=\"font-style: normal; font-weight: 400;\"><strong>Enseign\u00e9 par : Alicia Soto, metteur en sc\u00e8ne et chor\u00e9graphe de la Compagnie Alicia Soto-Hojarasca.<br \/>Destin\u00e9 aux femmes de plus de 16 ans, avec une attention particuli\u00e8re aux femmes migrantes.<\/strong><\/p>\r\n\r\n\r\n\r\n<p class=\"has-medium-font-size\" style=\"font-style: normal; font-weight: 400;\"><strong>Avec la collaboration des Centres d&#039;Action Sociale des populations de :<br \/>La Seca, Matapozuelos, Pozaldez, Rueda, Serrada, Viana de Cega.<\/strong><\/p>\r\n\r\n\r\n\r\n<p><a href=\"https:\/\/hojarasca-danza.com\/fr\/ateliers\/taller-cuenta-tu-cuerpo\/\">Plus d&#039;informations<\/a><\/p>\r\n\r\n\r\n\r\n<div class=\"wp-block-spacer\" style=\"height: 40px;\" aria-hidden=\"true\">\u00a0<\/div>\r\n\r\n\r\n\r\n<p class=\"has-text-color\" style=\"color: #ff0000; font-size: 26px; font-style: normal; font-weight: 400;\"><strong>VOUS DANSER<\/strong><\/p>\r\n\r\n\r\n\r\n<p class=\"has-medium-font-size\" style=\"font-style: normal; font-weight: 400;\">Un atelier mouvement, rythme et imagination pour rapprocher la danse des enfants afin de cr\u00e9er de futurs spectateurs ou \u00e9tudiants en danse, en privil\u00e9giant l&#039;aspect p\u00e9dagogique. L&#039;union de la danse et de la musique aide les enfants dans leur croissance intellectuelle et physique, en am\u00e9liorant les capacit\u00e9s psychomotrices et la m\u00e9moire.<\/p>\r\n\r\n\r\n\r\n<p class=\"has-medium-font-size\" style=\"font-style: normal; font-weight: 400;\"><strong>Destin\u00e9 aux enfants de 3 \u00e0 5 ans et de 6 \u00e0 8 ans.<br \/>Enseign\u00e9 par : Alicia Soto, avec l&#039;aide d&#039;Itzel Vela.<\/strong><\/p>\r\n\r\n\r\n\r\n<div class=\"wp-block-spacer\" style=\"height: 40px;\" aria-hidden=\"true\">\u00a0<\/div>\r\n\r\n\r\n\r\n<p class=\"has-text-color\" style=\"color: #ff0000; font-size: 26px; font-style: normal; font-weight: 400;\"><strong>stage de breakdance<\/strong><\/p>\r\n\r\n\r\n\r\n<p class=\"has-medium-font-size\" style=\"font-style: normal; font-weight: 400;\">Le break dance et les danses urbaines sont le nouveau langage de la danse de l&#039;enfance et de la jeunesse d&#039;aujourd&#039;hui. Sa pratique contribue \u00e0 rapprocher la danse des enfants et des jeunes, cr\u00e9ant un int\u00e9r\u00eat pour construire un futur public. De m\u00eame, il aide les plus jeunes \u00e0 cr\u00e9er une communaut\u00e9. C&#039;est un art ex\u00e9cut\u00e9 dans la rue qui favorise le partage et la construction de liens.<br \/><strong>L&#039;atelier sera donn\u00e9 par Juli\u00e1n G\u00f3mez Pab\u00f3n, danseur de break professionnel et l&#039;un des premiers b-boys d&#039;Espagne.<\/strong>. Juli\u00e1n a une carri\u00e8re artistique importante dans des compagnies pertinentes sur la sc\u00e8ne nationale et a particip\u00e9 en tant que juge \u00e0 diff\u00e9rentes comp\u00e9titions nationales de break dance.<\/p>\r\n\r\n\r\n\r\n<p class=\"has-medium-font-size\" style=\"font-style: normal; font-weight: 400;\"><strong>Destin\u00e9 aux enfants de 8 \u00e0 12 ans et aux jeunes.<\/strong><\/p>\r\n\r\n\r\n\r\n<div class=\"wp-block-spacer\" style=\"height: 40px;\" aria-hidden=\"true\">\u00a0<\/div>\r\n\r\n\r\n\r\n<p class=\"has-text-color\" style=\"color: #fe0000; font-size: 26px; font-style: normal; font-weight: 400;\"><strong>laboratoire d&#039;art<\/strong><\/p>\r\n\r\n\r\n\r\n<p class=\"has-medium-font-size\" style=\"font-style: normal; font-weight: 400;\">Un laboratoire d&#039;images pour la cr\u00e9ation d&#039;activit\u00e9s culturelles pour les r\u00e9seaux sociaux (Facebook, Tik-Tok, Instagram\u2026). Il s&#039;agit d&#039;une exp\u00e9rience technologique pratique qui fournira une couverture audiovisuelle \u00e0 toutes les activit\u00e9s qui seront r\u00e9alis\u00e9es dans le cadre du projet Un paso adelante.<br \/>Les jeunes s\u00e9lectionn\u00e9s seront charg\u00e9s de cr\u00e9er le contenu num\u00e9rique pendant les activit\u00e9s : photos, vid\u00e9os, interviews o\u00f9 se d\u00e9roulent les performances et ateliers.<br \/>En m\u00eame temps, ils apprendront comment concevoir un tel contenu et comment il doit \u00eatre diffus\u00e9. Tous les contenus num\u00e9riques artistiques seront publi\u00e9s sur les r\u00e9seaux sociaux des jeunes eux-m\u00eames, ceux du projet Un paso adelante et les r\u00e9seaux sociaux des populations qui participent aux activit\u00e9s. Cela permettra de cr\u00e9er une connexion et une communaut\u00e9, ouvrant une porte d&#039;opportunit\u00e9s pour les jeunes.<\/p>\r\n\r\n\r\n\r\n<p class=\"has-medium-font-size\" style=\"font-style: normal; font-weight: 400;\"><strong>Destin\u00e9 aux jeunes de 17 \u00e0 20 ans.<br \/>Enseign\u00e9 par: Luis A. Barajas<\/strong><\/p>\r\n<\/div>\r\n\r\n\r\n\r\n<div class=\"wp-block-column is-layout-flow wp-block-column-is-layout-flow\" style=\"flex-basis: 25%;\">\u00a0<\/div>\r\n<\/div>","protected":false},"excerpt":{"rendered":"<p>\u00a0 ATELIERS Cuenta tu cuerpo Atelier de danse, musique et th\u00e9\u00e2tre. Des aspects tels que l&#039;\u00e9galit\u00e9 et l&#039;inclusion sociale sont travaill\u00e9s Une exp\u00e9rience de rencontre, de cr\u00e9ation et d&#039;expression collective avec la construction d&#039;un dialogue, pour faire tomber les barri\u00e8res des pr\u00e9jug\u00e9s. Construire un temps commun o\u00f9 l&#039;on sent la proximit\u00e9 des regards [...]<\/p>","protected":false},"author":4,"featured_media":5995,"parent":0,"menu_order":0,"comment_status":"closed","ping_status":"closed","template":"elementor_header_footer","meta":{"_acf_changed":false,"footnotes":""},"tipo-de-pagina":[20],"class_list":["post-5991","page","type-page","status-publish","has-post-thumbnail","hentry","tipo-de-pagina-tipo-noticias"],"acf":[],"_links":{"self":[{"href":"https:\/\/hojarasca-danza.com\/fr\/wp-json\/wp\/v2\/pages\/5991","targetHints":{"allow":["GET"]}}],"collection":[{"href":"https:\/\/hojarasca-danza.com\/fr\/wp-json\/wp\/v2\/pages"}],"about":[{"href":"https:\/\/hojarasca-danza.com\/fr\/wp-json\/wp\/v2\/types\/page"}],"author":[{"embeddable":true,"href":"https:\/\/hojarasca-danza.com\/fr\/wp-json\/wp\/v2\/users\/4"}],"replies":[{"embeddable":true,"href":"https:\/\/hojarasca-danza.com\/fr\/wp-json\/wp\/v2\/comments?post=5991"}],"version-history":[{"count":19,"href":"https:\/\/hojarasca-danza.com\/fr\/wp-json\/wp\/v2\/pages\/5991\/revisions"}],"predecessor-version":[{"id":6135,"href":"https:\/\/hojarasca-danza.com\/fr\/wp-json\/wp\/v2\/pages\/5991\/revisions\/6135"}],"wp:featuredmedia":[{"embeddable":true,"href":"https:\/\/hojarasca-danza.com\/fr\/wp-json\/wp\/v2\/media\/5995"}],"wp:attachment":[{"href":"https:\/\/hojarasca-danza.com\/fr\/wp-json\/wp\/v2\/media?parent=5991"}],"wp:term":[{"taxonomy":"tipo-de-pagina","embeddable":true,"href":"https:\/\/hojarasca-danza.com\/fr\/wp-json\/wp\/v2\/tipo-de-pagina?post=5991"}],"curies":[{"name":"wp","href":"https:\/\/api.w.org\/{rel}","templated":true}]}}