{"id":6021,"date":"2023-06-02T01:04:23","date_gmt":"2023-06-02T01:04:23","guid":{"rendered":"https:\/\/hojarasca-danza.com\/?page_id=6021"},"modified":"2023-06-03T06:41:17","modified_gmt":"2023-06-03T06:41:17","slug":"programacion-un-paso-adelante-por-dias","status":"publish","type":"page","link":"https:\/\/hojarasca-danza.com\/fr\/programacion-un-paso-adelante-por-dias\/","title":{"rendered":""},"content":{"rendered":"<div class=\"wp-block-spacer\" style=\"height: 56px;\" aria-hidden=\"true\">\u00a0<\/div>\r\n\r\n\r\n\r\n<h1 class=\"wp-block-heading has-text-align-center\"><strong>Programmation Un pas en avant pendant des jours.\u00a0<\/strong><\/h1>\r\n\r\n\r\n\r\n<figure class=\"wp-block-image\"><img fetchpriority=\"high\" decoding=\"async\" width=\"1024\" height=\"683\" class=\"wp-image-6024 aligncenter\" src=\"https:\/\/hojarasca-danza.com\/wp-content\/uploads\/2023\/06\/cartel-generico-web-hor-2-scaled-e1685699398924-1024x683.jpg\" alt=\"\" srcset=\"https:\/\/hojarasca-danza.com\/wp-content\/uploads\/2023\/06\/cartel-generico-web-hor-2-scaled-e1685699398924-1024x683.jpg 1024w, https:\/\/hojarasca-danza.com\/wp-content\/uploads\/2023\/06\/cartel-generico-web-hor-2-scaled-e1685699398924-300x200.jpg 300w, https:\/\/hojarasca-danza.com\/wp-content\/uploads\/2023\/06\/cartel-generico-web-hor-2-scaled-e1685699398924-768x512.jpg 768w, https:\/\/hojarasca-danza.com\/wp-content\/uploads\/2023\/06\/cartel-generico-web-hor-2-scaled-e1685699398924-18x12.jpg 18w, https:\/\/hojarasca-danza.com\/wp-content\/uploads\/2023\/06\/cartel-generico-web-hor-2-scaled-e1685699398924.jpg 1500w\" sizes=\"(max-width: 1024px) 100vw, 1024px\" \/><\/figure>\r\n\r\n\r\n\r\n<p class=\"has-text-align-center has-white-color has-text-color\"><b>dimanche 4 juin<\/b><\/p>\r\n\r\n\r\n\r\n<p class=\"has-text-align-center has-white-color has-text-color\"><span style=\"font-weight: 400;\">M\u00e9dina de Rioseco. La Petite Voiture. 20h15 Place principale<\/span><\/p>\r\n\r\n\r\n\r\n<p class=\"has-text-align-center has-white-color has-text-color\"><b>lundi 5 juin<\/b><\/p>\r\n\r\n\r\n\r\n<p class=\"has-text-align-center has-white-color has-text-color\"><span style=\"font-weight: 400;\">Le sec. Atelier Comptez votre corps. 19h00. \/ Laboratoire d&#039;art. 19h00. Salle Culturelle &quot;La Cilla&quot;<\/span><\/p>\r\n\r\n\r\n\r\n<p class=\"has-text-align-center has-white-color has-text-color\"><b>mercredi 7 juin<\/b><\/p>\r\n\r\n\r\n\r\n<p class=\"has-text-align-center has-white-color has-text-color\"><span style=\"font-weight: 400;\">Crant\u00e9. Atelier Comptez votre corps. 16h30. Th\u00e9\u00e2tre Ismael Alonso au Civic Center.\u00a0<\/span><\/p>\r\n\r\n\r\n\r\n<p class=\"has-text-align-center has-white-color has-text-color\"><b>jeudi 8 juin\u00a0<\/b><\/p>\r\n\r\n\r\n\r\n<p class=\"has-text-align-center has-white-color has-text-color\"><span style=\"font-weight: 400;\">Roue. Atelier Comptez votre corps. 10h \/ Laboratoire d&#039;art. 10h Maison de la culture<\/span><\/p>\r\n\r\n\r\n\r\n<p class=\"has-text-align-center has-white-color has-text-color\"><span style=\"font-weight: 400;\">Tueur. Atelier Comptez votre corps. 19h00. \/ Laboratoire d&#039;art. 19h00.\u00a0<\/span><\/p>\r\n\r\n\r\n\r\n<p class=\"has-text-align-center has-white-color has-text-color\"><span style=\"font-weight: 400;\">Maison de la culture<\/span><\/p>\r\n\r\n\r\n\r\n<p class=\"has-text-align-center has-white-color has-text-color\"><b>vendredi 9 juin<\/b><\/p>\r\n\r\n\r\n\r\n<p class=\"has-text-align-center has-white-color has-text-color\"><span style=\"font-weight: 400;\">Nava del Rey. Atelier Comptez votre corps. 17h00. \/ Laboratoire d&#039;art. 17h00. Maison de la culture<\/span><\/p>\r\n\r\n\r\n\r\n<p class=\"has-text-align-center has-white-color has-text-color\"><b>samedi 10 juin<\/b><\/p>\r\n\r\n\r\n\r\n<p class=\"has-text-align-center has-white-color has-text-color\"><span style=\"font-weight: 400;\">Le sec. Laboratoire d&#039;art. 21h30. \/ La Petite Voiture. 22h La piste<\/span><\/p>\r\n\r\n\r\n\r\n<p class=\"has-text-align-center has-white-color has-text-color\"><b>dimanche 11 juin<\/b><\/p>\r\n\r\n\r\n\r\n<p class=\"has-text-align-center has-white-color has-text-color\"><span style=\"font-weight: 400;\">Villalar des Communards. La Petite Voiture. 21h00. Parc municipal<\/span><\/p>\r\n\r\n\r\n\r\n<p class=\"has-text-align-center has-white-color has-text-color\"><b>lundi 12 juin<\/b><\/p>\r\n\r\n\r\n\r\n<p class=\"has-text-align-center has-white-color has-text-color\"><span style=\"font-weight: 400;\">Crant\u00e9. te danser 10h, 11h et 12h. \/ Laboratoire artistique. 10h Th\u00e9\u00e2tre Ismael Alonso au Civic Center.\u00a0<\/span><\/p>\r\n\r\n\r\n\r\n<p class=\"has-text-align-center has-white-color has-text-color\"><b>mardi 13 juin\u00a0<\/b><\/p>\r\n\r\n\r\n\r\n<p class=\"has-text-align-center has-white-color has-text-color\"><span style=\"font-weight: 400;\">Viana de Blind. Atelier Comptez votre corps. 16h30. Maison de la culture<\/span><\/p>\r\n\r\n\r\n\r\n<p class=\"has-text-align-center has-white-color has-text-color\"><b>samedi 17 juin<\/b><\/p>\r\n\r\n\r\n\r\n<p class=\"has-text-align-center has-white-color has-text-color\"><span style=\"font-weight: 400;\">Nava del Rey. Laboratoire d&#039;art. 21h30. \/ La Petite Voiture. 22h Place d&#039;Espagne<\/span><\/p>\r\n\r\n\r\n\r\n<p class=\"has-text-align-center has-white-color has-text-color\"><b>dimanche 18 juin<\/b><\/p>\r\n\r\n\r\n\r\n<p class=\"has-text-align-center has-white-color has-text-color\"><span style=\"font-weight: 400;\">Olm\u00e9do. La Petite Voiture. 21h00. Palais Corrala Caballero de Olmedo<\/span><\/p>\r\n\r\n\r\n\r\n<p class=\"has-text-align-center has-white-color has-text-color\"><b>lundi 19 juin<\/b><\/p>\r\n\r\n\r\n\r\n<p class=\"has-text-align-center has-white-color has-text-color\"><span style=\"font-weight: 400;\">Crant\u00e9. Atelier breakdance. 11h et 12h. \/ Laboratoire artistique. 11h Th\u00e9\u00e2tre Ismael Alonso au Civic Center.<\/span><\/p>\r\n\r\n\r\n\r\n<p class=\"has-text-align-center has-white-color has-text-color\"><b>mardi 20 juin<\/b><\/p>\r\n\r\n\r\n\r\n<p class=\"has-text-align-center has-white-color has-text-color\"><span style=\"font-weight: 400;\">pozaldez. Atelier breakdance. 11h \/ Laboratoire artistique. 11h CEIP Pozaldez\u00a0<\/span><\/p>\r\n\r\n\r\n\r\n<p class=\"has-text-align-center has-white-color has-text-color\"><span style=\"font-weight: 400;\">Aldeamayor de San Martin. Atelier breakdance. 18h. Piscine municipale<\/span><\/p>\r\n\r\n\r\n\r\n<p class=\"has-text-align-center has-white-color has-text-color\"><b>vendredi 23 juin<\/b><\/p>\r\n\r\n\r\n\r\n<p class=\"has-text-align-center has-white-color has-text-color\"><span style=\"font-weight: 400;\">Tueur. Laboratoire d&#039;art. 21h30. \/ La Petite Voiture. 22h Piste du parc de la villa<\/span><\/p>\r\n\r\n\r\n\r\n<p class=\"has-text-align-center has-white-color has-text-color\"><b>samedi 24 juin<\/b><\/p>\r\n\r\n\r\n\r\n<p class=\"has-text-align-center has-white-color has-text-color\"><span style=\"font-weight: 400;\">Roue. Laboratoire d&#039;art. 21h30. \/ La Petite Voiture. 22h Place principale<\/span><\/p>\r\n\r\n\r\n\r\n<p class=\"has-text-align-center has-white-color has-text-color\"><b>dimanche 25 juin<\/b><\/p>\r\n\r\n\r\n\r\n<p class=\"has-text-align-center has-white-color has-text-color\"><span style=\"font-weight: 400;\">Tordesillas. La Petite Voiture. 21h00. Auditorium du Carmel<\/span><\/p>","protected":false},"excerpt":{"rendered":"<p>Programmation Un pas en avant pendant des jours. Dimanche 4 juin Medina de Rioseco. La Petite Voiture. 20h15 Plaza Mayor Lundi 5 juin La Seca. Atelier Comptez votre corps. 19h00. \/ Laboratoire d&#039;art. 19h00. Salle Culturelle &quot;La Cilla&quot; Mercredi 7 Juin Serrada. Atelier Comptez votre corps. 16h30. Th\u00e9\u00e2tre Ismael Alonso au Centre [\u2026]<\/p>","protected":false},"author":4,"featured_media":0,"parent":0,"menu_order":0,"comment_status":"closed","ping_status":"closed","template":"","meta":{"_acf_changed":false,"footnotes":""},"tipo-de-pagina":[20],"class_list":["post-6021","page","type-page","status-publish","hentry","tipo-de-pagina-tipo-noticias"],"acf":[],"_links":{"self":[{"href":"https:\/\/hojarasca-danza.com\/fr\/wp-json\/wp\/v2\/pages\/6021","targetHints":{"allow":["GET"]}}],"collection":[{"href":"https:\/\/hojarasca-danza.com\/fr\/wp-json\/wp\/v2\/pages"}],"about":[{"href":"https:\/\/hojarasca-danza.com\/fr\/wp-json\/wp\/v2\/types\/page"}],"author":[{"embeddable":true,"href":"https:\/\/hojarasca-danza.com\/fr\/wp-json\/wp\/v2\/users\/4"}],"replies":[{"embeddable":true,"href":"https:\/\/hojarasca-danza.com\/fr\/wp-json\/wp\/v2\/comments?post=6021"}],"version-history":[{"count":14,"href":"https:\/\/hojarasca-danza.com\/fr\/wp-json\/wp\/v2\/pages\/6021\/revisions"}],"predecessor-version":[{"id":6164,"href":"https:\/\/hojarasca-danza.com\/fr\/wp-json\/wp\/v2\/pages\/6021\/revisions\/6164"}],"wp:attachment":[{"href":"https:\/\/hojarasca-danza.com\/fr\/wp-json\/wp\/v2\/media?parent=6021"}],"wp:term":[{"taxonomy":"tipo-de-pagina","embeddable":true,"href":"https:\/\/hojarasca-danza.com\/fr\/wp-json\/wp\/v2\/tipo-de-pagina?post=6021"}],"curies":[{"name":"wp","href":"https:\/\/api.w.org\/{rel}","templated":true}]}}