{"id":7126,"date":"2024-02-06T07:16:37","date_gmt":"2024-02-06T07:16:37","guid":{"rendered":"https:\/\/hojarasca-danza.com\/?page_id=7126"},"modified":"2024-07-10T17:57:46","modified_gmt":"2024-07-10T17:57:46","slug":"workshops-anteriores","status":"publish","type":"page","link":"https:\/\/hojarasca-danza.com\/fr\/workshops-anteriores\/","title":{"rendered":"Ateliers et ateliers r\u00e9alis\u00e9s"},"content":{"rendered":"<p>&nbsp;<\/p>\n<p style=\"text-align: center;\"><strong>ANN\u00c9E 2023<\/strong><\/p>\n<p style=\"text-align: center;\"><strong>Novembre. 2023. <\/strong>Laboratoire \u2013 La performance et vous, qui emmenez-vous ? Festival international de th\u00e9\u00e2tre Nevadas Esc\u00e9nicas de R\u00edo Negro \u00e0 Bariloche, Argentine. De plus, dans le prolongement du festival Nevadas Itinerante, l&#039;atelier a \u00e9galement eu lieu dans les villes de Rosario et San Mart\u00edn de los Andes. Destin\u00e9 aux com\u00e9diens et danseurs professionnels, atelier de professionnalisation. Avec le soutien d&#039;Acci\u00f3n Cultural Espa\u00f1ola et du Programme pour l&#039;internationalisation de la culture espagnole.<\/p>\n<p style=\"text-align: center;\"><strong>Du 4 au 25 juin. <\/strong>Projet de revitalisation culturelle des zones non urbaines <em>Un pas en avant<\/em>. Villes de Valladolid. CyL. Ateliers:<\/p>\n<p style=\"text-align: center;\">-6 ateliers <em>compte ton corps <\/em>dans les communes de La Seca, Nava del Rey, Serrada, Viana de Cega, Matapozuelos et Rueda. Atelier de danse, musique et th\u00e9\u00e2tre. Des aspects tels que l\u2019\u00e9galit\u00e9 et l\u2019inclusion sociale y ont \u00e9t\u00e9 travaill\u00e9s.<\/p>\n<p style=\"text-align: center;\">-Atelier <em>te danser<\/em>. Un atelier sur le mouvement, le rythme et l&#039;imaginaire pour faire d\u00e9couvrir la danse aux enfants. Crant\u00e9. Valladolid.<\/p>\n<p style=\"text-align: center;\">-3 ateliers Breakdance. Pour les jeunes. Dans les communes de Serrada, Pozaldez et Aldeamayor de San Mart\u00edn.<\/p>\n<p style=\"text-align: center;\"><strong>Du 5 au 7 juillet et du 10 au 14 juillet.<\/strong> <em>GOONGUE<\/em>. Formation artistique en danse contemporaine. Centre Culturel de l&#039;Association D&#039;jarama. Dakar. S\u00e9n\u00e9gal. Financ\u00e9 par le programme AECID About, avec la collaboration de l&#039;Ambassade d&#039;Espagne au S\u00e9n\u00e9gal, Dakar Culture et la Coop\u00e9ration espagnole.<\/p>\n<p style=\"text-align: center;\"><strong>Du 16 au 20 octobre.<\/strong> Atelier de formation \u00e0 la technique de danse contemporaine et \u00e0 la cr\u00e9ation chor\u00e9graphique. Institut Cervantes de Casablanca. Dans le cadre de la IX \u00e9dition des Rencontres Chor\u00e9graphiques de Casablanca. Maroc. Financ\u00e9 par l&#039;AECID et l&#039;Ambassade d&#039;Espagne au Maroc.<\/p>\n<p>&nbsp;<\/p>\n<p style=\"text-align: center;\"><strong>ANN\u00c9E 2022<\/strong><\/p>\n<p style=\"text-align: center;\"><strong>Du 24 au 28 octobre.<\/strong> Studio de danse. Programme Yaakaar. Centre Culturel de l&#039;Association D&#039;jarama. Dakar. S\u00e9n\u00e9gal. Financ\u00e9 par le programme AECID About, avec la collaboration de l&#039;Ambassade d&#039;Espagne au S\u00e9n\u00e9gal, Dakar Culture et la Coop\u00e9ration espagnole.<\/p>\n<p style=\"text-align: center;\"><strong>30 novembre, 1er et 2 d\u00e9cembre.<\/strong> Atelier<em> Compte ton corps (Raconte ton Corps)<\/em>. Institut Cervantes de Casablanca. Maroc. Dans le cadre du programme Visages organis\u00e9 par les minist\u00e8res de la Culture et des Sports. G. de Relations Internationales et Union Europ\u00e9enne.<\/p>\n<p>&nbsp;<\/p>\n<p style=\"text-align: center;\"><strong>ANN\u00c9E 2021<\/strong><\/p>\n<p style=\"text-align: center;\"><strong>Du 6 au 9 mars.<\/strong>\u00a0<em>Atelier technique de danse contemporaine<\/em>. Institut Cervantes de Casablanca. Maroc.<\/p>\n<p style=\"text-align: center;\"><strong>31 mai au 7 juin.<\/strong> Projet <em>Allez comprendre<\/em>. Centre Culturel de l&#039;Association D&#039;jarama. Dakar. S\u00e9n\u00e9gal.<\/p>\n<p style=\"text-align: center;\"><strong>\u00a0<\/strong><\/p>\n<p style=\"text-align: center;\"><strong>ANN\u00c9E 2020<\/strong><\/p>\n<p style=\"text-align: center;\"><strong>Du 11 au 14 f\u00e9vrier.<\/strong> Atelier <em>compte ton corps<\/em>. Th\u00e9\u00e2tre La Fol, Casablanca. Maroc.<\/p>\n<p style=\"text-align: center;\"><strong>Du 21 au 22 septembre.<\/strong> Atelier <em>compte ton corps<\/em>. Th\u00e9\u00e2tre Calder\u00f3n, Valladolid. CYL.<\/p>\n<p>&nbsp;<\/p>\n<p style=\"text-align: center;\"><strong>ANN\u00c9E 2019<\/strong><\/p>\n<p style=\"text-align: center;\"><strong>14 juin.<\/strong>\u00a0Projet <em>Allez comprendre<\/em>. III Concours Chor\u00e9graphique International P\u00edldoras. Torrejon de Ardoz. Madrid.<\/p>\n<p style=\"text-align: center;\"><strong>7 juillet.<\/strong>\u00a0Atelier de danse contemporaine. III Festival urbain international d&#039;Afrique du Nord. Tanger. Maroc.<\/p>\n<p style=\"text-align: center;\"><strong>Du 30 septembre au 6 octobre.<\/strong>\u00a0Projet <em>Allez comprendre<\/em>. Centre Culturel de l&#039;Association D&#039;jarama. Dakar. S\u00e9n\u00e9gal.<\/p>\n<p style=\"text-align: center;\"><strong>9 octobre.<\/strong>\u00a0Projet <em>Allez comprendre<\/em>. Festival d&#039;Aescena. Aguilar de Campoo. Palence. CyL.<\/p>\n<p style=\"text-align: center;\"><strong>11 octobre.<\/strong>\u00a0Projet <em>Allez comprendre<\/em>. Festival d&#039;Aescena. Aguilar de Campoo. Palence. CyL. Centre IES de Casar de C\u00e1ceres. Estr\u00e9madure.<\/p>\n<p style=\"text-align: center;\"><strong>25 octobre.<\/strong>\u00a0Projet <em>Allez comprendre<\/em>. Festival LDC, Centre Culturel Sanchinarro. Madrid.<\/p>\n<p>&nbsp;<\/p>\n<p style=\"text-align: center;\"><strong>ANN\u00c9E 2018<\/strong><\/p>\n<p style=\"text-align: center;\"><strong>Du 6 au 9 mars.<\/strong>\u00a0<em>Atelier technique de danse contemporaine<\/em>. Institut Cervantes de Casablanca. Maroc.<\/p>\n<p style=\"text-align: center;\"><strong>22 et 23 septembre.<\/strong>\u00a0<em>Ateliers d&#039;information. Du subconscient \u00e0 la r\u00e9alit\u00e9 sur sc\u00e8ne<\/em>. Acad\u00e9mie de danse LDTX. Organis\u00e9 par l&#039;Ambassade d&#039;Espagne en Chine. Chine.<\/p>\n<p style=\"text-align: center;\"><strong>10 avril.<\/strong>\u00a0Classe de ma\u00eetre \u00e0 C\u00e1ceres. Acad\u00e9mie mince. Estr\u00e9madure.<\/p>\n<p style=\"text-align: center;\"><strong>11 avril.<\/strong>\u00a0Atelier <em>te d\u00e9placer<\/em>. Deux sessions dans les \u00e9coles secondaires. Estr\u00e9madure.<\/p>\n<p>&nbsp;<\/p>\n<p style=\"text-align: center;\"><strong>ANN\u00c9E 2016<\/strong><\/p>\n<p style=\"text-align: center;\"><strong>11 avril.<\/strong>\u00a0Atelier Laboratoire <em>Du subconscient \u00e0 la r\u00e9alit\u00e9 sur sc\u00e8ne<\/em>. Organis\u00e9 par l&#039;Instituto Cervantes de Casablanca en collaboration avec l&#039;Ambassade d&#039;Espagne au Maroc. Maroc.<\/p>\n<p>&nbsp;<\/p>\n<p>&nbsp;<\/p>","protected":false},"excerpt":{"rendered":"<p>&nbsp; ANN\u00c9E 2023 novembre. 2023. Laboratoire \u2013 La performance et vous, qui amenez-vous ? Festival international de th\u00e9\u00e2tre Nevadas Esc\u00e9nicas de R\u00edo Negro \u00e0 Bariloche, Argentine. De plus, dans le prolongement du festival Nevadas Itinerante, l&#039;atelier a \u00e9galement eu lieu dans les villes de Rosario et San Mart\u00edn de los Andes. Destin\u00e9 aux acteurs et danseurs professionnels [\u2026]<\/p>","protected":false},"author":1,"featured_media":0,"parent":0,"menu_order":0,"comment_status":"closed","ping_status":"closed","template":"","meta":{"_acf_changed":false,"footnotes":""},"tipo-de-pagina":[],"class_list":["post-7126","page","type-page","status-publish","hentry"],"acf":[],"_links":{"self":[{"href":"https:\/\/hojarasca-danza.com\/fr\/wp-json\/wp\/v2\/pages\/7126","targetHints":{"allow":["GET"]}}],"collection":[{"href":"https:\/\/hojarasca-danza.com\/fr\/wp-json\/wp\/v2\/pages"}],"about":[{"href":"https:\/\/hojarasca-danza.com\/fr\/wp-json\/wp\/v2\/types\/page"}],"author":[{"embeddable":true,"href":"https:\/\/hojarasca-danza.com\/fr\/wp-json\/wp\/v2\/users\/1"}],"replies":[{"embeddable":true,"href":"https:\/\/hojarasca-danza.com\/fr\/wp-json\/wp\/v2\/comments?post=7126"}],"version-history":[{"count":12,"href":"https:\/\/hojarasca-danza.com\/fr\/wp-json\/wp\/v2\/pages\/7126\/revisions"}],"predecessor-version":[{"id":7387,"href":"https:\/\/hojarasca-danza.com\/fr\/wp-json\/wp\/v2\/pages\/7126\/revisions\/7387"}],"wp:attachment":[{"href":"https:\/\/hojarasca-danza.com\/fr\/wp-json\/wp\/v2\/media?parent=7126"}],"wp:term":[{"taxonomy":"tipo-de-pagina","embeddable":true,"href":"https:\/\/hojarasca-danza.com\/fr\/wp-json\/wp\/v2\/tipo-de-pagina?post=7126"}],"curies":[{"name":"wp","href":"https:\/\/api.w.org\/{rel}","templated":true}]}}